{"id":3041,"date":"2026-04-21T17:54:40","date_gmt":"2026-04-21T16:54:40","guid":{"rendered":"https:\/\/www.volkstanzgruppe.teufelstein.perchtoldsdorf.or.at\/?page_id=3041"},"modified":"2026-04-21T17:54:40","modified_gmt":"2026-04-21T16:54:40","slug":"neue-dirndln-2025","status":"publish","type":"page","link":"http:\/\/www.volkstanzgruppe.teufelstein.perchtoldsdorf.or.at\/index.php\/neue-dirndln-2025\/","title":{"rendered":"Neue Dirndln 2025"},"content":{"rendered":"\n<p>M\u00e4rz 2025 : Einige T\u00e4nzerinnen der VTG Teufelstein\u2013Perchtoldsdorf wurden mit neuen nieder\u00f6sterreichischen Dirndln ausgestattet.<\/p>\n\n\n\n<figure class=\"wp-block-image\"><a href=\"http:\/\/www.volkstanzgruppe.teufelstein.perchtoldsdorf.or.at\/wp-content\/uploads\/2025\/04\/dirndl_202503.jpg\"><img loading=\"lazy\" decoding=\"async\" width=\"800\" height=\"705\" src=\"http:\/\/www.volkstanzgruppe.teufelstein.perchtoldsdorf.or.at\/wp-content\/uploads\/2025\/04\/dirndl_202503.jpg\" alt=\"\" class=\"wp-image-2904\" srcset=\"http:\/\/www.volkstanzgruppe.teufelstein.perchtoldsdorf.or.at\/wp-content\/uploads\/2025\/04\/dirndl_202503.jpg 800w, http:\/\/www.volkstanzgruppe.teufelstein.perchtoldsdorf.or.at\/wp-content\/uploads\/2025\/04\/dirndl_202503-300x264.jpg 300w, http:\/\/www.volkstanzgruppe.teufelstein.perchtoldsdorf.or.at\/wp-content\/uploads\/2025\/04\/dirndl_202503-768x677.jpg 768w\" sizes=\"auto, (max-width: 800px) 100vw, 800px\" \/><\/a><\/figure>\n\n\n\n<p>Gef\u00f6rdert wurden die Dirndln durch das Land Nieder\u00f6sterreich mit einem Drittel der Kosten.<\/p>\n\n\n\n<figure class=\"wp-block-image\"><a href=\"http:\/\/www.volkstanzgruppe.teufelstein.perchtoldsdorf.or.at\/wp-content\/uploads\/2025\/04\/Kultur_NOE.jpg\"><img loading=\"lazy\" decoding=\"async\" width=\"400\" height=\"81\" src=\"http:\/\/www.volkstanzgruppe.teufelstein.perchtoldsdorf.or.at\/wp-content\/uploads\/2025\/04\/Kultur_NOE.jpg\" alt=\"\" class=\"wp-image-2907\" srcset=\"http:\/\/www.volkstanzgruppe.teufelstein.perchtoldsdorf.or.at\/wp-content\/uploads\/2025\/04\/Kultur_NOE.jpg 400w, http:\/\/www.volkstanzgruppe.teufelstein.perchtoldsdorf.or.at\/wp-content\/uploads\/2025\/04\/Kultur_NOE-300x61.jpg 300w\" sizes=\"auto, (max-width: 400px) 100vw, 400px\" \/><\/a><\/figure>\n","protected":false},"excerpt":{"rendered":"<p>M\u00e4rz 2025 : Einige T\u00e4nzerinnen der VTG Teufelstein\u2013Perchtoldsdorf wurden mit neuen nieder\u00f6sterreichischen Dirndln ausgestattet. Gef\u00f6rdert wurden die Dirndln durch das Land Nieder\u00f6sterreich mit einem Drittel der Kosten.<\/p>\n","protected":false},"author":1,"featured_media":0,"parent":0,"menu_order":0,"comment_status":"closed","ping_status":"closed","template":"","meta":{"footnotes":""},"class_list":["post-3041","page","type-page","status-publish","hentry"],"_links":{"self":[{"href":"http:\/\/www.volkstanzgruppe.teufelstein.perchtoldsdorf.or.at\/index.php\/wp-json\/wp\/v2\/pages\/3041","targetHints":{"allow":["GET"]}}],"collection":[{"href":"http:\/\/www.volkstanzgruppe.teufelstein.perchtoldsdorf.or.at\/index.php\/wp-json\/wp\/v2\/pages"}],"about":[{"href":"http:\/\/www.volkstanzgruppe.teufelstein.perchtoldsdorf.or.at\/index.php\/wp-json\/wp\/v2\/types\/page"}],"author":[{"embeddable":true,"href":"http:\/\/www.volkstanzgruppe.teufelstein.perchtoldsdorf.or.at\/index.php\/wp-json\/wp\/v2\/users\/1"}],"replies":[{"embeddable":true,"href":"http:\/\/www.volkstanzgruppe.teufelstein.perchtoldsdorf.or.at\/index.php\/wp-json\/wp\/v2\/comments?post=3041"}],"version-history":[{"count":1,"href":"http:\/\/www.volkstanzgruppe.teufelstein.perchtoldsdorf.or.at\/index.php\/wp-json\/wp\/v2\/pages\/3041\/revisions"}],"predecessor-version":[{"id":3042,"href":"http:\/\/www.volkstanzgruppe.teufelstein.perchtoldsdorf.or.at\/index.php\/wp-json\/wp\/v2\/pages\/3041\/revisions\/3042"}],"wp:attachment":[{"href":"http:\/\/www.volkstanzgruppe.teufelstein.perchtoldsdorf.or.at\/index.php\/wp-json\/wp\/v2\/media?parent=3041"}],"curies":[{"name":"wp","href":"https:\/\/api.w.org\/{rel}","templated":true}]}}